{"id":252,"date":"2021-07-12T18:59:02","date_gmt":"2021-07-12T18:59:02","guid":{"rendered":"https:\/\/zum-wersehof-ahlen.de\/?page_id=252"},"modified":"2021-09-01T20:04:13","modified_gmt":"2021-09-01T20:04:13","slug":"tagungen","status":"publish","type":"page","link":"https:\/\/zum-wersehof-ahlen.de\/?page_id=252","title":{"rendered":"Tagungen"},"content":{"rendered":"\t\t<div data-elementor-type=\"wp-page\" data-elementor-id=\"252\" class=\"elementor elementor-252\">\n\t\t\t\t\t\t\t\t\t<section class=\"elementor-section elementor-top-section elementor-element elementor-element-2ff9f20 elementor-section-boxed elementor-section-height-default elementor-section-height-default\" data-id=\"2ff9f20\" data-element_type=\"section\">\n\t\t\t\t\t\t<div class=\"elementor-container elementor-column-gap-default\">\n\t\t\t\t\t<div class=\"elementor-column elementor-col-100 elementor-top-column elementor-element elementor-element-6e5c7b9\" data-id=\"6e5c7b9\" data-element_type=\"column\">\n\t\t\t<div class=\"elementor-widget-wrap elementor-element-populated\">\n\t\t\t\t\t\t\t\t<div class=\"elementor-element elementor-element-7e5f8c0 elementor-widget elementor-widget-heading\" data-id=\"7e5f8c0\" data-element_type=\"widget\" data-widget_type=\"heading.default\">\n\t\t\t\t<div class=\"elementor-widget-container\">\n\t\t\t<h2 class=\"elementor-heading-title elementor-size-default\">Events<\/h2>\t\t<\/div>\n\t\t\t\t<\/div>\n\t\t\t\t<div class=\"elementor-element elementor-element-3795a0d elementor-widget elementor-widget-heading\" data-id=\"3795a0d\" data-element_type=\"widget\" data-widget_type=\"heading.default\">\n\t\t\t\t<div class=\"elementor-widget-container\">\n\t\t\t<h2 class=\"elementor-heading-title elementor-size-default\">Tagungen<\/h2>\t\t<\/div>\n\t\t\t\t<\/div>\n\t\t\t\t<div class=\"elementor-element elementor-element-726102b elementor-widget elementor-widget-text-editor\" data-id=\"726102b\" data-element_type=\"widget\" data-widget_type=\"text-editor.default\">\n\t\t\t\t<div class=\"elementor-widget-container\">\n\t\t\t\t\t\t\t<p>Neben unserem Gastst\u00e4ttenbereich steht Ihnen unser Saal f\u00fcr gr\u00f6\u00dfere Gesellschaften und Veranstaltungen, wie z. B.: Tagungen, Kommunion, Taufen, Geburtstagsfeiern, Hochzeiten oder Beerdigungscaf\u00e9 ( bis zu 180 Personen). Reservierungen nehmen wir auch gern au\u00dferhalb unserer \u00d6ffnungszeiten entgegen. Unsere Rezeption ist t\u00e4glich 24 Std. erreichbar.<\/p>\t\t\t\t\t\t<\/div>\n\t\t\t\t<\/div>\n\t\t\t\t<div class=\"elementor-element elementor-element-44aeee9 elementor-widget elementor-widget-shortcode\" data-id=\"44aeee9\" data-element_type=\"widget\" data-widget_type=\"shortcode.default\">\n\t\t\t\t<div class=\"elementor-widget-container\">\n\t\t\t\t\t<div class=\"elementor-shortcode\"><p style=\"padding-left:10px;\"><a class=\"s_pdf_download_link\" href=\"https:\/\/zum-wersehof-ahlen.de\/wp-content\/uploads\/2021\/08\/Layout-Tagungsmappe.pdf\" download><button style=\"margin-bottom:10px;background-color:;\" class=\"ppv_download_bttn\">Download File<\/button><\/a><\/p>            <div class=\"ppv_wrapper ppv_container\" style=\"position: relative;width:100%; height:800px;\">\r\n                <iframe id=\"s_pdf_frame\" src=\"\/\/docs.google.com\/gview?embedded=true&#038;url=https:\/\/zum-wersehof-ahlen.de\/wp-content\/uploads\/2021\/08\/Layout-Tagungsmappe.pdf\" style=\"float:left; padding:10px;width:100%; height:800px;\" frameborder=\"0\"><\/iframe>\r\n                            <\/div>\r\n            \r\n            <\/div>\n\t\t\t\t<\/div>\n\t\t\t\t<\/div>\n\t\t\t\t\t<\/div>\n\t\t<\/div>\n\t\t\t\t\t\t\t<\/div>\n\t\t<\/section>\n\t\t\t\t\t\t\t<\/div>\n\t\t","protected":false},"excerpt":{"rendered":"<p>Events Tagungen Neben unserem Gastst\u00e4ttenbereich steht Ihnen unser Saal f\u00fcr gr\u00f6\u00dfere Gesellschaften und Veranstaltungen, wie z. B.: Tagungen, Kommunion, Taufen, Geburtstagsfeiern, Hochzeiten oder Beerdigungscaf\u00e9 ( bis zu 180 Personen). Reservierungen nehmen wir auch gern au\u00dferhalb unserer \u00d6ffnungszeiten entgegen. Unsere Rezeption ist t\u00e4glich 24 Std. erreichbar.<\/p>\n","protected":false},"author":1,"featured_media":0,"parent":0,"menu_order":0,"comment_status":"closed","ping_status":"closed","template":"elementor_header_footer","meta":{"footnotes":""},"_links":{"self":[{"href":"https:\/\/zum-wersehof-ahlen.de\/index.php?rest_route=\/wp\/v2\/pages\/252"}],"collection":[{"href":"https:\/\/zum-wersehof-ahlen.de\/index.php?rest_route=\/wp\/v2\/pages"}],"about":[{"href":"https:\/\/zum-wersehof-ahlen.de\/index.php?rest_route=\/wp\/v2\/types\/page"}],"author":[{"embeddable":true,"href":"https:\/\/zum-wersehof-ahlen.de\/index.php?rest_route=\/wp\/v2\/users\/1"}],"replies":[{"embeddable":true,"href":"https:\/\/zum-wersehof-ahlen.de\/index.php?rest_route=%2Fwp%2Fv2%2Fcomments&post=252"}],"version-history":[{"count":0,"href":"https:\/\/zum-wersehof-ahlen.de\/index.php?rest_route=\/wp\/v2\/pages\/252\/revisions"}],"wp:attachment":[{"href":"https:\/\/zum-wersehof-ahlen.de\/index.php?rest_route=%2Fwp%2Fv2%2Fmedia&parent=252"}],"curies":[{"name":"wp","href":"https:\/\/api.w.org\/{rel}","templated":true}]}}